{"id":27,"date":"2017-05-03T10:18:46","date_gmt":"2017-05-03T08:18:46","guid":{"rendered":"http:\/\/luppolo.crea.gov.it\/?page_id=27"},"modified":"2017-08-11T11:34:56","modified_gmt":"2017-08-11T09:34:56","slug":"il-consorzio","status":"publish","type":"page","link":"https:\/\/luppolo.crea.gov.it\/index.php\/it\/il-consorzio\/","title":{"rendered":"Il consorzio"},"content":{"rendered":"<p>Le strutture di ricerca del CREA coinvolte nel progetto sono:<\/p>\n<p><strong><img loading=\"lazy\" decoding=\"async\" class=\"alignleft wp-image-298 size-full\" src=\"http:\/\/luppolo.crea.gov.it\/wp-content\/uploads\/2017\/06\/CREA_OFA.png\" alt=\"Centro di ricerca Olivicoltura, Frutticoltura e Agrumicoltura (CREA-OFA)\" width=\"200\" height=\"200\" srcset=\"https:\/\/luppolo.crea.gov.it\/wp-content\/uploads\/2017\/06\/CREA_OFA.png 200w, https:\/\/luppolo.crea.gov.it\/wp-content\/uploads\/2017\/06\/CREA_OFA-150x150.png 150w\" sizes=\"auto, (max-width: 200px) 100vw, 200px\" \/>CENTRO DI RICERCA OLIVICOLTURA, FRUTTICOLTURA E AGRUMICOLTURA<\/strong> (<a href=\"http:\/\/www.crea.gov.it\/olivicoltura-frutticoltura-agrumicoltura\/\" target=\"_blank\" rel=\"noopener noreferrer\">CREA-OFA<\/a>) &#8211; sede di Roma<\/p>\n<p>La Struttura si occupa di genetica, valorizzazione e caratterizzazione delle specie da frutto, con attivit\u00e0 prevalenti nei settori del miglioramento genetico, propagazione, tecnica colturale, difesa e post-raccolta, con particolare riferimento alla sostenibilit\u00e0, alla qualit\u00e0 e alla resistenza agli stress biotici e abiotici delle produzioni.<\/p>\n<p>&nbsp;<\/p>\n<p><strong><img loading=\"lazy\" decoding=\"async\" class=\"alignleft wp-image-301 size-full\" src=\"http:\/\/luppolo.crea.gov.it\/wp-content\/uploads\/2017\/05\/CREA_AN.png\" alt=\"Centro di ricerca Alimenti e Nutrizione (CREA-AN)\" width=\"200\" height=\"200\" srcset=\"https:\/\/luppolo.crea.gov.it\/wp-content\/uploads\/2017\/05\/CREA_AN.png 200w, https:\/\/luppolo.crea.gov.it\/wp-content\/uploads\/2017\/05\/CREA_AN-150x150.png 150w\" sizes=\"auto, (max-width: 200px) 100vw, 200px\" \/>CENTRO DI RICERCA ALIMENTI E NUTRIZIONE<\/strong> (<a href=\"http:\/\/www.crea.gov.it\/alimenti-e-nutrizione\/\" target=\"_blank\" rel=\"noopener noreferrer\">CREA-AN<\/a>)<\/p>\n<p>Il Centro si occupa della valorizzazione tecnologica e nutrizionale dei prodotti agroalimentari, della tutela della salute umana, con particolare riferimento alla qualit\u00e0, funzionalit\u00e0 e sostenibilit\u00e0 alimentare. Sviluppa analisi di scenario economico e sociale in materia di produzione e consumo di beni nel settore agro-alimentare.<\/p>\n<p>&nbsp;<\/p>\n<p>&nbsp;<\/p>\n<p><strong><img loading=\"lazy\" decoding=\"async\" class=\"alignleft wp-image-303 size-full\" src=\"http:\/\/luppolo.crea.gov.it\/wp-content\/uploads\/2017\/05\/CREA_PB.png\" alt=\"Centro di ricerca Politiche e Bioeconomia (CREA-PB)\" width=\"200\" height=\"200\" srcset=\"https:\/\/luppolo.crea.gov.it\/wp-content\/uploads\/2017\/05\/CREA_PB.png 200w, https:\/\/luppolo.crea.gov.it\/wp-content\/uploads\/2017\/05\/CREA_PB-150x150.png 150w\" sizes=\"auto, (max-width: 200px) 100vw, 200px\" \/>CENTRO DI RICERCA POLITICHE E BIOECONOMIA <\/strong>(<a href=\"http:\/\/www.crea.gov.it\/politiche-e-bioeconomia\/\" target=\"_blank\" rel=\"noopener noreferrer\">CREA-PB<\/a>)<\/p>\n<p>Il Centro sviluppa analisi conoscitive e interpretative delle dinamiche economiche e sociali di breve, medio e lungo periodo relative al settore agro-alimentare, forestale e della pesca. Svolge indagini sulle caratteristiche e l\u2019evoluzione delle aree rurali e i rispettivi fattori di competitivit\u00e0. Analizza ad ampio spettro le politiche settoriali adottate, valutandone effetti, impatti e modalit\u00e0 attuative.<\/p>\n<p>&nbsp;<\/p>\n<p><strong><img loading=\"lazy\" decoding=\"async\" class=\"alignleft wp-image-304 size-full\" src=\"http:\/\/luppolo.crea.gov.it\/wp-content\/uploads\/2017\/05\/CREA_GB.png\" alt=\"Centro di ricerca Genomica e Bioinformatica (CREA-GB)\" width=\"200\" height=\"200\" srcset=\"https:\/\/luppolo.crea.gov.it\/wp-content\/uploads\/2017\/05\/CREA_GB.png 200w, https:\/\/luppolo.crea.gov.it\/wp-content\/uploads\/2017\/05\/CREA_GB-150x150.png 150w\" sizes=\"auto, (max-width: 200px) 100vw, 200px\" \/>CENTRO DI RICERCA<\/strong> <strong>GENOMICA E BIOINFORMATICA <\/strong>(<a href=\"http:\/\/www.crea.gov.it\/genomica-e-bioinformatica\/\" target=\"_blank\" rel=\"noopener noreferrer\">CREA-GB<\/a>)<\/p>\n<p>Il Centro si occupa di genomica, bioinformatica, genetica e di fisiologia vegetale con particolare riferimento all\u2019ampliamento delle conoscenze sulla struttura e funzione dei geni e dei genomi e con attivit\u00e0 prevalenti nei settori del miglioramento genetico, della qualit\u00e0 e sicurezza dei prodotti agricoli, della sostenibilit\u00e0 e tracciabilit\u00e0 dei processi produttivi.<\/p>\n<p>&nbsp;<\/p>\n<p>&nbsp;<\/p>\n<p><strong><img loading=\"lazy\" decoding=\"async\" class=\"alignleft wp-image-305 size-full\" src=\"http:\/\/luppolo.crea.gov.it\/wp-content\/uploads\/2017\/05\/CREA_VE.png\" alt=\"Centro di ricerca Viticoltura ed Enologia (CREA-VE)\" width=\"200\" height=\"200\" srcset=\"https:\/\/luppolo.crea.gov.it\/wp-content\/uploads\/2017\/05\/CREA_VE.png 200w, https:\/\/luppolo.crea.gov.it\/wp-content\/uploads\/2017\/05\/CREA_VE-150x150.png 150w\" sizes=\"auto, (max-width: 200px) 100vw, 200px\" \/>CENTRO DI RICERCA<\/strong> <strong>VITICOLTURA ED ENOLOGIA <\/strong>(<a href=\"http:\/\/www.crea.gov.it\/viticoltura-ed-enologia\/\" target=\"_blank\" rel=\"noopener noreferrer\">CREA-VE<\/a>) &#8211; sede di Asti<\/p>\n<p>La Struttura si occupa di sviluppare ricerche su uve, vini, aceti, succhi, con attivit\u00e0 prevalenti nei settori di trasformazione delle materie prime, conservazione dei prodotti, utilizzo dei sottoprodotti e valorizzazione della biodiversit\u00e0 dei microrganismi, con particolare riferimento alla qualit\u00e0 delle produzioni, alla competitivit\u00e0 delle aziende vinicole italiane, alla tracciabilit\u00e0, alla sostenibilit\u00e0 ambientale e sicurezza alimentare.<\/p>\n<p>&nbsp;<\/p>\n<p><strong><img loading=\"lazy\" decoding=\"async\" class=\"alignleft wp-image-306 size-full\" src=\"http:\/\/luppolo.crea.gov.it\/wp-content\/uploads\/2017\/05\/CREA_IT.png\" alt=\"Centro di ricerca Ingegneria e Trasformazioni agroalimentari (CREA-IT)\" width=\"200\" height=\"200\" srcset=\"https:\/\/luppolo.crea.gov.it\/wp-content\/uploads\/2017\/05\/CREA_IT.png 200w, https:\/\/luppolo.crea.gov.it\/wp-content\/uploads\/2017\/05\/CREA_IT-150x150.png 150w\" sizes=\"auto, (max-width: 200px) 100vw, 200px\" \/>CENTRO DI RICERCA<\/strong> <strong>INGEGNERIA E TRASFORMAZIONI AGROALIMENTARI <\/strong>(<a href=\"http:\/\/www.crea.gov.it\/ingegneria-e-trasformazioni-agroalimentari\/\" target=\"_blank\" rel=\"noopener noreferrer\">CREA-IT<\/a>) &#8211; sedi di Milano e Monterotondo (RM)<\/p>\n<p>La Struttura con sede a Monterotondo (Roma), si occupa dello sviluppo di tecnologie e metodologie inerenti all\u2019ingegneria agraria nei sistemi agricoli e forestali con attivit\u00e0 prevalenti nei settori della meccanizzazione agricola, della gestione ambientale, delle tecnologie di post-raccolta e della trasformazione di prodotti, con particolare riferimento al supporto tecnico-scientifico alle politiche di settore e ai processi di certificazione e armonizzazione normativa. La struttura con sede a Milano si occupa di tecnologie di\u00a0 trasformazione e conservazione dei prodotti ortofrutticoli nonch\u00e9 le metodiche relative alla valutazione della qualit\u00e0 sia della materia prima sia del prodotto finito.<\/p>\n<p>&nbsp;<\/p>\n<p><img loading=\"lazy\" decoding=\"async\" class=\"alignleft wp-image-307 size-full\" src=\"http:\/\/luppolo.crea.gov.it\/wp-content\/uploads\/2017\/05\/CREA_DC.jpg\" alt=\"Centro di ricerca Difesa e Certificazione (CREA-DC)\" width=\"200\" height=\"200\" srcset=\"https:\/\/luppolo.crea.gov.it\/wp-content\/uploads\/2017\/05\/CREA_DC.jpg 200w, https:\/\/luppolo.crea.gov.it\/wp-content\/uploads\/2017\/05\/CREA_DC-150x150.jpg 150w\" sizes=\"auto, (max-width: 200px) 100vw, 200px\" \/><\/p>\n<p><strong>CENTRO DI RICERCA<\/strong> <strong>DIFESA E CERTIFICAZIONE<\/strong> (<a href=\"http:\/\/www.crea.gov.it\/difesa-e-certificazione\/\" target=\"_blank\" rel=\"noopener noreferrer\">CREA-DC<\/a>) &#8211; sedi di Roma e Firenze<\/p>\n<p>La Struttura con sede a Firenze si occupa di valorizzazione e difesa del suolo, dei sistemi agro-forestali e delle derrate alimentari dai danni di insetti, acari, nematodi. Prevalentemente l&#8217;attivit\u00e0 riguarda la caratterizzazione dei processi pedologici, cartografia, degradazione dei suoli, desertificazione, emissione di gas serra, ecologia microbica, diagnosi e difesa da fitofagi e fitoparassiti, biodiversit\u00e0 e qualit\u00e0 ambientale. La struttura con sede a Roma si occupa della difesa delle piante agrarie e forestali da agenti biotici (batteri, funghi, virus, viroidi, fitoplasmi, ecc.) e abiotici (fisiopatie, condizioni pedoclimatiche avverse). Studia l\u2019interazione tra pianta e patogeno, l\u2019epidemiologia e la caratterizzazione delle popolazioni di organismi patogeni con metodi tradizionali e della biologia molecolare per la lotta alle malattie.<\/p>\n<p>&nbsp;<\/p>\n<p><strong>AMMINISTRAZIONE CENTRALE &#8211; UFFICIO TRASFERIMENTO TECNOLOGICO, BREVETTI E RAPPORTI CON LE IMPRESE<\/strong> (<a href=\"http:\/\/sito.entecra.it\/portale\/cra_dati_organo.php?id=119&amp;lingua=IT&amp;tipo_org=amm&amp;access_flag=0\" target=\"_blank\" rel=\"noopener noreferrer\">CREA-AC<\/a>)<\/p>\n<p>L&#8217;ufficio cura l\u2019elaborazione e divulgazione di un quadro aggregato e condiviso dei risultati delle ricerche e delle innovazioni prodotte dai centri di ricerca su tematiche e filiere di particolare interesse; gestisce la piattaforma informatica per la pubblicazione dei risultati e delle innovazioni, classificati e archiviati secondo criteri che favoriscano le interazioni fra gli attori coinvolti e l\u2019archiviazione documentale; cura l\u2019organizzazione dell\u2019offerta di risultati maturi da poter trasferire sulla scorta dei fabbisogni espressi da specifici contesti produttivi territoriali; fornisce supporto alla realizzazione di attivit\u00e0 dimostrative e di collaudo territoriali dei risultati ottenuti presso i centri di ricerca al fine di favorire lo sviluppo e la diffusione delle innovazioni tra le imprese.<\/p>\n<p>&nbsp;<\/p>\n<p>&nbsp;<\/p>\n","protected":false},"excerpt":{"rendered":"<p>Le strutture di ricerca del CREA coinvolte nel progetto sono: CENTRO DI RICERCA OLIVICOLTURA, FRUTTICOLTURA E AGRUMICOLTURA (CREA-OFA) &#8211; sede di Roma La Struttura<\/p>\n","protected":false},"author":1,"featured_media":0,"parent":0,"menu_order":0,"comment_status":"closed","ping_status":"closed","template":"","meta":{"_exactmetrics_skip_tracking":false,"_exactmetrics_sitenote_active":false,"_exactmetrics_sitenote_note":"","_exactmetrics_sitenote_category":0,"footnotes":""},"class_list":["post-27","page","type-page","status-publish","hentry"],"_links":{"self":[{"href":"https:\/\/luppolo.crea.gov.it\/index.php\/wp-json\/wp\/v2\/pages\/27","targetHints":{"allow":["GET"]}}],"collection":[{"href":"https:\/\/luppolo.crea.gov.it\/index.php\/wp-json\/wp\/v2\/pages"}],"about":[{"href":"https:\/\/luppolo.crea.gov.it\/index.php\/wp-json\/wp\/v2\/types\/page"}],"author":[{"embeddable":true,"href":"https:\/\/luppolo.crea.gov.it\/index.php\/wp-json\/wp\/v2\/users\/1"}],"replies":[{"embeddable":true,"href":"https:\/\/luppolo.crea.gov.it\/index.php\/wp-json\/wp\/v2\/comments?post=27"}],"version-history":[{"count":19,"href":"https:\/\/luppolo.crea.gov.it\/index.php\/wp-json\/wp\/v2\/pages\/27\/revisions"}],"predecessor-version":[{"id":719,"href":"https:\/\/luppolo.crea.gov.it\/index.php\/wp-json\/wp\/v2\/pages\/27\/revisions\/719"}],"wp:attachment":[{"href":"https:\/\/luppolo.crea.gov.it\/index.php\/wp-json\/wp\/v2\/media?parent=27"}],"curies":[{"name":"wp","href":"https:\/\/api.w.org\/{rel}","templated":true}]}}